{"id":12,"date":"2018-05-15T06:28:09","date_gmt":"2018-05-15T04:28:09","guid":{"rendered":"https:\/\/ascona-vista.ch\/?page_id=12"},"modified":"2020-09-21T20:38:19","modified_gmt":"2020-09-21T18:38:19","slug":"ascona-2","status":"publish","type":"page","link":"https:\/\/ascona-vista.ch\/?page_id=12","title":{"rendered":"Ascona"},"content":{"rendered":"<div class=\"kno-rdesc r-iF22mKsdWbsQ\">Ascona ist ein Ort in der s\u00fcdlichen Schweiz. Er ist f\u00fcr seine mediterrane Architektur und die mit Caf\u00e9s ges\u00e4umte Promenade am Lago Maggiore bekannt. In Borgo, der Altstadt, befindet sich die Kirche des heiligen Petrus und Paulus aus dem 16.&nbsp;Jahrhundert. Im Museum f\u00fcr moderne Kunst sind Gem\u00e4lde von Paul Klee und Alexej von Jawlensky ausgestellt. Auf dem H\u00fcgel Monte Verit\u00e0, im fr\u00fchen 20.&nbsp;Jahrhundert eine Kolonie f\u00fcr K\u00fcnstler und Intellektuelle, gibt es einen historischen Park und ein Museum.<\/div>\n<div><\/div>\n<div>\n<p><strong>Das solltest Du nicht verpassen:<\/strong><\/p>\n<\/div>\n<div style=\"padding-left: 30px;\">Mit dem \u00d6V nach Locarno<br \/>\n<span style=\"font-family: 'Arial',sans-serif; font-size: 10pt;\"><span style=\"font-family: 'Arial',sans-serif; font-size: 10pt;\"><span style=\"font-family: 'Arial',sans-serif; font-size: 10pt;\"><span style=\"color: #000000;\">Mit dem Bus: Zu Fuss bis zur Bushaltestelle <b>\u00abVia Pascolo\u00bb<\/b><\/span><span style=\"color: #000000;\">&nbsp;(<a href=\"https:\/\/www.google.ch\/maps\/dir\/Sentiero+Pianezze,+6612+Ascona\/Ascona,+Via+Pascolo,+6612+Ascona\/@46.1602172,8.7738717,391m\/data=!3m2!1e3!4b1!4m14!4m13!1m5!1m1!1s0x4785c83ff84fec6b:0x82a6364c60b3486e!2m2!1d8.7720011!2d46.1607897!1m5!1m1!1s0x4785c8475f3757ad:0x160e1f9ea545521b!2m2!1d8.777931!2d46.159762!3e3\" target=\"_blank\" rel=\"noopener noreferrer\">Details<\/a>).&nbsp;Bus Linie 1 nehmen bis <\/span><b><span style=\"color: #000000;\">\u00abPiazza Castello\u00bb<\/span><\/b><span style=\"color: #000000;\">&nbsp;nahe beim&nbsp;<b>\u00ab<\/b><strong>Piazza Grande<\/strong><b>\u00bb<\/b>.<\/span><\/span><\/span><\/span><\/div>\n<div><\/div>\n<div style=\"padding-left: 30px;\">&#8222;M\u00e4rit&#8220; &#8211; \u00dcbersicht:&nbsp;<a href=\"http:\/\/www.ciaolagomaggiore.com\/maerkte\/\" target=\"_blank\" rel=\"noopener noreferrer\">M\u00e4rit Tessin<\/a><\/div>\n<div style=\"padding-left: 30px;\"><\/div>\n<div style=\"padding-left: 30px;\">Wanderkarte Schweiz: <a href=\"https:\/\/map.geo.admin.ch\/?X=177742.36&amp;Y=632089.28&amp;lang=de&amp;topic=ech&amp;bgLayer=ch.swisstopo.pixelkarte-farbe&amp;layers=ch.swisstopo.zeitreihen,ch.bfs.gebaeude_wohnungs_register,ch.bav.haltestellen-oev,ch.swisstopo.swisstlm3d-wanderwege,ch.swisstopo.swissnames3d&amp;layers_visibility=false,false,false,true,true&amp;layers_timestamp=18641231,,,,&amp;lon=8.75292&amp;lat=46.13788&amp;elevation=2002&amp;heading=360.000&amp;pitch=-40.077\" target=\"_blank\" rel=\"noopener noreferrer\">Wandern<\/a><\/div>\n<div><\/div>\n<div style=\"padding-left: 30px;\">HomePage von Ascona:&nbsp;<a href=\"http:\/\/www.ascona.ch\/\" target=\"_blank\" rel=\"noopener noreferrer\">Ascona<\/a><\/div>\n<div style=\"padding-left: 30px;\"><\/div>\n<div style=\"padding-left: 30px;\">Die besten Panettone:&nbsp;<a href=\"https:\/\/www.panetteria-poncini.ch\/2015\/index.php\/de\/\" target=\"_blank\" rel=\"noopener noreferrer\">Panetteria<\/a><\/div>\n<div style=\"padding-left: 30px;\"><\/div>\n<div style=\"padding-left: 30px;\">Cimetta oberhalb Locarno:&nbsp;<a href=\"https:\/\/www.outdooractive.com\/de\/wanderung\/tessin\/von-locarno-auf-die-cimetta\/23999692\/\" target=\"_blank\" rel=\"noopener noreferrer\">Cimetta der Hausberg<\/a><\/div>\n<div style=\"padding-left: 30px;\"><\/div>\n<div style=\"padding-left: 30px;\">Die aussergew\u00f6hnliche Vogelschau:&nbsp;<a href=\"http:\/\/falconeria.ch\/?lang=de\" target=\"_blank\" rel=\"noopener noreferrer\">Falconeria<\/a><\/div>\n<div style=\"padding-left: 30px;\"><\/div>\n<div style=\"padding-left: 30px;\">Events 2018 in Ascona:&nbsp;<a href=\"https:\/\/ascona-switzerland.ch\/de\/veranstaltungen?gclid=EAIaIQobChMI8dn5vNGI3AIVXtwZCh0rmg8FEAAYASABEgK1yPD_BwE\" target=\"_blank\" rel=\"noopener noreferrer\">Events in Ascona<\/a><\/div>\n<div style=\"padding-left: 30px;\"><\/div>\n<div style=\"padding-left: 30px;\">Die tibetische Br\u00fccke nahe Bellinzona:&nbsp;<a href=\"https:\/\/www.ticino.ch\/de\/commons\/details\/Tibetische-Br%C3%BCcke-Carasc-\/137557.html\" target=\"_blank\" rel=\"noopener noreferrer\">Ponte Tibetano<\/a><\/div>\n<div style=\"padding-left: 30px;\"><\/div>\n<div style=\"padding-left: 30px;\">Das unvergessliche Badevergn\u00fcgen:&nbsp;<a href=\"https:\/\/www.badi-info.ch\/ti\/maggia.html#ponte-brolla\" target=\"_blank\" rel=\"noopener noreferrer\">Ponte Brolla<\/a><\/div>\n<div><\/div>\n<div style=\"padding-left: 30px;\">Eine kulinarische Empfehlung in Cannobio: <a href=\"http:\/\/www.hotelilportico.com\" target=\"_blank\" rel=\"noopener noreferrer\">Il Portico<\/a><\/div>\n<div><\/div>\n<div style=\"padding-left: 30px;\">Eine eindr\u00fcckliche Tour mit dem Auto oder mit dem Velo (72 km \/ 1380 hm):<br \/>\n<a href=\"https:\/\/www.google.ch\/maps\/dir\/Sentiero+Pianezze,+6612+Ascona\/Vira+(Gambarogno),+Gambarogno+TI\/Alpe+di+Neggia,+Gambarogno+TI\/Indemini,+6571+Gambarogno+TI\/Maccagno+con+Pino+e+Veddasca,+Varese,+Italien\/Vira+(Gambarogno),+Gambarogno+TI\/@46.1121128,8.7353988,22998m\/data=!3m2!1e3!4b1!4m38!4m37!1m5!1m1!1s0x4785c83ff84fec6b:0x82a6364c60b3486e!2m2!1d8.7720011!2d46.1607897!1m5!1m1!1s0x4785cbb6fc72aaa5:0xef79a29b58668cbe!2m2!1d8.84996!2d46.1453!1m5!1m1!1s0x4785cbebf336877b:0x533a8ab9303b4144!2m2!1d8.845833!2d46.111667!1m5!1m1!1s0x4785cc093d8cfe41:0x6afb972eb5443a05!2m2!1d8.825708!2d46.0944392!1m5!1m1!1s0x4785cfc3e330f159:0x9a678e39b65d069e!2m2!1d8.7366493!2d46.0385285!1m5!1m1!1s0x4785cbb6fc72aaa5:0xef79a29b58668cbe!2m2!1d8.84996!2d46.1453!3e0\" target=\"_blank\" rel=\"noopener noreferrer\">Vira &#8211; Alpe di Neggia &#8211; Indemini &#8211; Maccagno<\/a><\/div>\n<div><\/div>\n","protected":false},"excerpt":{"rendered":"<p>Ascona ist ein Ort in der s\u00fcdlichen Schweiz. Er ist f\u00fcr seine mediterrane Architektur und die mit Caf\u00e9s ges\u00e4umte Promenade am Lago Maggiore bekannt. In Borgo, der Altstadt, befindet sich die Kirche des heiligen Petrus und Paulus aus dem 16.&nbsp;Jahrhundert. Im Museum f\u00fcr moderne Kunst sind Gem\u00e4lde von Paul Klee und Alexej von Jawlensky ausgestellt. [&hellip;]<\/p>\n","protected":false},"author":1,"featured_media":362,"parent":0,"menu_order":0,"comment_status":"closed","ping_status":"closed","template":"template-fullwidth.php","meta":{"footnotes":""},"class_list":["post-12","page","type-page","status-publish","has-post-thumbnail","hentry"],"_links":{"self":[{"href":"https:\/\/ascona-vista.ch\/index.php?rest_route=\/wp\/v2\/pages\/12","targetHints":{"allow":["GET"]}}],"collection":[{"href":"https:\/\/ascona-vista.ch\/index.php?rest_route=\/wp\/v2\/pages"}],"about":[{"href":"https:\/\/ascona-vista.ch\/index.php?rest_route=\/wp\/v2\/types\/page"}],"author":[{"embeddable":true,"href":"https:\/\/ascona-vista.ch\/index.php?rest_route=\/wp\/v2\/users\/1"}],"replies":[{"embeddable":true,"href":"https:\/\/ascona-vista.ch\/index.php?rest_route=%2Fwp%2Fv2%2Fcomments&post=12"}],"version-history":[{"count":20,"href":"https:\/\/ascona-vista.ch\/index.php?rest_route=\/wp\/v2\/pages\/12\/revisions"}],"predecessor-version":[{"id":369,"href":"https:\/\/ascona-vista.ch\/index.php?rest_route=\/wp\/v2\/pages\/12\/revisions\/369"}],"wp:featuredmedia":[{"embeddable":true,"href":"https:\/\/ascona-vista.ch\/index.php?rest_route=\/wp\/v2\/media\/362"}],"wp:attachment":[{"href":"https:\/\/ascona-vista.ch\/index.php?rest_route=%2Fwp%2Fv2%2Fmedia&parent=12"}],"curies":[{"name":"wp","href":"https:\/\/api.w.org\/{rel}","templated":true}]}}