{"id":9,"date":"2018-05-15T06:28:08","date_gmt":"2018-05-15T04:28:08","guid":{"rendered":"https:\/\/ascona-vista.ch\/?page_id=9"},"modified":"2024-02-21T21:49:02","modified_gmt":"2024-02-21T19:49:02","slug":"ueber-uns","status":"publish","type":"page","link":"https:\/\/ascona-vista.ch\/?page_id=9","title":{"rendered":"\u00dcber uns"},"content":{"rendered":"<p>Die Wohnung im Tessin l\u00e4dt zum Verweilen ein. Nicht nur f\u00fcr gerne willkommene G\u00e4ste, auch f\u00fcr die Familie von Toni und Rahel.<\/p>\n<p><strong>Steckbrief<\/strong><br \/>\n<em><img loading=\"lazy\" decoding=\"async\" class=\"wp-image-272 alignright\" src=\"https:\/\/ascona-vista.ch\/wp-content\/uploads\/2018\/09\/Toni-and-Rachel.jpg\" alt=\"\" width=\"373\" height=\"280\" \/><\/em><em>Seit vielen Jahren sind wir als Ehepaar gemeinsam unterwegs. \u00a0Ein sch\u00f6ner Weg mit vielen Stationen, Herausforderungen und Erlebnissen.<\/em><\/p>\n<p><em>Wir lieben unsere sch\u00f6ne Schweiz mit den christlichen Werten, der grossen Vielf\u00e4ltigkeit und den wunderbaren Bergen. Dazu geh\u00f6rt auch der s\u00fcdliche Teil und speziell das Tessin als Sonnenstube.<\/em><\/p>\n<p><em>\u00a0<\/em><em>Mit der Wohnung in Ascona\u00a0wollen wir uns, unserer Familie und unseren Freunden eine M\u00f6glichkeit schaffen, diesen Teil der Schweiz zu erleben und zu geniessen. F\u00fcr uns ist dies eine Oase der Ruhe, vor allem ausserhalb der Ferienzeit.<\/em><\/p>\n<p><em>Wir w\u00fcnschen allen Besuchern einen unvergesslichen Aufenthalt in Ascona mit den schier unbegrenzten M\u00f6glichkeiten an Wanderungen, Biketouren und anderen Erlebnissen oder einfach nur zum Geniessen.<\/em><\/p>\n<p><strong>Privat:<\/strong><br \/>\nToni und Rahel Hossmann, Bahnhofstrasse 18,\u00a03629 Kiesen\u00a0 \u2013\u00a0 CH<br \/>\n079 607 18 88 \/ 078 790 98 90<\/p>\n<p><strong>Adresse in Ascona:<\/strong><br \/>\nSentiero Pianezze 7B, 6612 Ascona (Parterre-Wohnung)<br \/>\nParkplatz in der Einstellhalle: Nr. 104<\/p>\n","protected":false},"excerpt":{"rendered":"<p>Die Wohnung im Tessin l\u00e4dt zum Verweilen ein. Nicht nur f\u00fcr gerne willkommene G\u00e4ste, auch f\u00fcr die Familie von Toni und Rahel. Steckbrief Seit vielen Jahren sind wir als Ehepaar gemeinsam unterwegs. \u00a0Ein sch\u00f6ner Weg mit vielen Stationen, Herausforderungen und Erlebnissen. Wir lieben unsere sch\u00f6ne Schweiz mit den christlichen Werten, der grossen Vielf\u00e4ltigkeit und den [&hellip;]<\/p>\n","protected":false},"author":1,"featured_media":0,"parent":0,"menu_order":0,"comment_status":"closed","ping_status":"closed","template":"template-fullwidth.php","meta":{"footnotes":""},"class_list":["post-9","page","type-page","status-publish","hentry"],"_links":{"self":[{"href":"https:\/\/ascona-vista.ch\/index.php?rest_route=\/wp\/v2\/pages\/9","targetHints":{"allow":["GET"]}}],"collection":[{"href":"https:\/\/ascona-vista.ch\/index.php?rest_route=\/wp\/v2\/pages"}],"about":[{"href":"https:\/\/ascona-vista.ch\/index.php?rest_route=\/wp\/v2\/types\/page"}],"author":[{"embeddable":true,"href":"https:\/\/ascona-vista.ch\/index.php?rest_route=\/wp\/v2\/users\/1"}],"replies":[{"embeddable":true,"href":"https:\/\/ascona-vista.ch\/index.php?rest_route=%2Fwp%2Fv2%2Fcomments&post=9"}],"version-history":[{"count":19,"href":"https:\/\/ascona-vista.ch\/index.php?rest_route=\/wp\/v2\/pages\/9\/revisions"}],"predecessor-version":[{"id":479,"href":"https:\/\/ascona-vista.ch\/index.php?rest_route=\/wp\/v2\/pages\/9\/revisions\/479"}],"wp:attachment":[{"href":"https:\/\/ascona-vista.ch\/index.php?rest_route=%2Fwp%2Fv2%2Fmedia&parent=9"}],"curies":[{"name":"wp","href":"https:\/\/api.w.org\/{rel}","templated":true}]}}